{"id":7,"date":"2023-11-30T13:45:26","date_gmt":"2023-11-30T12:45:26","guid":{"rendered":"https:\/\/www.perimachines.com\/?page_id=7"},"modified":"2024-12-16T15:28:40","modified_gmt":"2024-12-16T14:28:40","slug":"contact","status":"publish","type":"page","link":"https:\/\/www.perimachines.com\/","title":{"rendered":"Contact"},"content":{"rendered":"\n<p class=\"has-text-align-left has-black-color has-text-color has-link-color wp-elements-6eeab0de294c8f5b6b8bbb9a88a1d9d0\"><strong>PERIMACHINES sarl <\/strong> <\/p>\n\n\n\n<p class=\"has-text-align-left has-black-color has-text-color has-link-color wp-elements-8648404bb3d8ef8490e2a4168b82a456\">6 Impasse de l&#8217;Ecluse &#8211; ZI la Fl\u00e9chette &#8211;      <\/p>\n\n\n\n<p class=\"has-text-align-left has-black-color has-text-color has-link-color wp-elements-08a8f6baf4004a2c502fa94506e9a72a\">42800 DARGOIRE &#8211; France                                                                                                                                                                                                                                                                                <\/p>\n\n\n\n<p class=\"has-text-align-left has-black-color has-text-color has-link-color wp-elements-61f1b277e5b740daa47751876234c1f0\">T\u00e9l: 00 33 (0)4 77 83 43 34 &#8211; Email: <a href=\"mailto:infos@perimachines.com\">infos@perimachines.com<\/a>                                                               <\/p>\n\n\n\n<p class=\"has-black-color has-text-color has-link-color wp-elements-021d608df2ce1bc940c7c1875ed919df\"><strong>CONTR\u00d4LE SURVEILLANCE USINAGE \/ OUTIL<\/strong><\/p>\n\n\n\n<figure class=\"wp-block-image\"><img decoding=\"async\" src=\"https:\/\/www.perimachines.com\/wp-content\/uploads\/2024\/03\/PLAQUETTE_RECTO-PAGE-4-ET-1-pdf-1024x1024.jpg\" alt=\"\"\/><\/figure>\n\n\n\n<p><\/p>\n\n\n\n<p class=\"has-black-color has-text-color has-link-color wp-elements-36aef7bdbf7640b093818b2adba85b7a\"><strong>OPTIMISATION DES PROCESSUS DE PRODUCTION<\/strong><\/p>\n","protected":false},"excerpt":{"rendered":"<p>PERIMACHINES sarl 6 Impasse de l&#8217;Ecluse &#8211; ZI la Fl\u00e9chette &#8211; 42800 DARGOIRE &#8211; France T\u00e9l: 00 33 (0)4 77 83 43 34 &#8211; Email: infos@perimachines.com CONTR\u00d4LE SURVEILLANCE USINAGE \/ OUTIL OPTIMISATION DES PROCESSUS DE PRODUCTION<\/p>\n","protected":false},"author":1,"featured_media":0,"parent":0,"menu_order":0,"comment_status":"closed","ping_status":"closed","template":"","meta":{"footnotes":""},"class_list":["post-7","page","type-page","status-publish","hentry","entry"],"_links":{"self":[{"href":"https:\/\/www.perimachines.com\/index.php\/wp-json\/wp\/v2\/pages\/7","targetHints":{"allow":["GET"]}}],"collection":[{"href":"https:\/\/www.perimachines.com\/index.php\/wp-json\/wp\/v2\/pages"}],"about":[{"href":"https:\/\/www.perimachines.com\/index.php\/wp-json\/wp\/v2\/types\/page"}],"author":[{"embeddable":true,"href":"https:\/\/www.perimachines.com\/index.php\/wp-json\/wp\/v2\/users\/1"}],"replies":[{"embeddable":true,"href":"https:\/\/www.perimachines.com\/index.php\/wp-json\/wp\/v2\/comments?post=7"}],"version-history":[{"count":19,"href":"https:\/\/www.perimachines.com\/index.php\/wp-json\/wp\/v2\/pages\/7\/revisions"}],"predecessor-version":[{"id":56,"href":"https:\/\/www.perimachines.com\/index.php\/wp-json\/wp\/v2\/pages\/7\/revisions\/56"}],"wp:attachment":[{"href":"https:\/\/www.perimachines.com\/index.php\/wp-json\/wp\/v2\/media?parent=7"}],"curies":[{"name":"wp","href":"https:\/\/api.w.org\/{rel}","templated":true}]}}